{"id":52,"date":"2022-12-15T00:16:39","date_gmt":"2022-12-15T00:16:39","guid":{"rendered":"https:\/\/demo.artureanec.com\/themes\/agencium\/?page_id=52"},"modified":"2024-04-14T16:18:50","modified_gmt":"2024-04-14T15:18:50","slug":"atlikti-darbai","status":"publish","type":"page","link":"https:\/\/oranus.lt\/en\/atlikti-darbai\/","title":{"rendered":"Atlikti <em>darbai<\/em>"},"content":{"rendered":"\t\t<div data-elementor-type=\"wp-page\" data-elementor-id=\"52\" class=\"elementor elementor-52\">\n\t\t\t\t\t\t<section class=\"elementor-section elementor-top-section elementor-element elementor-element-75a7bf8 elementor-section-stretched elementor-section-boxed elementor-section-height-default elementor-section-height-default\" data-id=\"75a7bf8\" data-element_type=\"section\" data-settings=\"{&quot;stretch_section&quot;:&quot;section-stretched&quot;}\">\n\t\t\t\t\t\t<div class=\"elementor-container elementor-column-gap-default\">\n\t\t\t\t\t<div class=\"elementor-column elementor-col-100 elementor-top-column elementor-element elementor-element-f791f21\" data-id=\"f791f21\" data-element_type=\"column\">\n\t\t\t<div class=\"elementor-widget-wrap elementor-element-populated\">\n\t\t\t\t\t\t<div class=\"elementor-element elementor-element-56d0aed elementor-widget elementor-widget-agencium_portfolio_listing\" data-id=\"56d0aed\" data-element_type=\"widget\" data-widget_type=\"agencium_portfolio_listing.default\">\n\t\t\t\t<div class=\"elementor-widget-container\">\n\t\t\t\n        <div class=\"agencium-portfolios-listing-widget\">\n\n            \n            <div class=\"archive-listing\" data-ajax='{&quot;post_type&quot;:&quot;agencium_portfolio&quot;,&quot;post_status&quot;:&quot;publish&quot;,&quot;ignore_sticky_posts&quot;:true,&quot;suppress_filters&quot;:true,&quot;orderby&quot;:&quot;date&quot;,&quot;order&quot;:&quot;desc&quot;,&quot;link_base&quot;:&quot;https:\\\/\\\/oranus.lt\\\/en\\\/wp-json\\\/wp\\\/v2\\\/pages\\\/52\\\/&quot;,&quot;posts_per_page&quot;:8,&quot;columns_number&quot;:2,&quot;paged&quot;:1}' data-widget='{&quot;item_class&quot;:&quot;portfolio-item-wrapper with-media-overlay with-title-icon&quot;,&quot;columns_number&quot;:2,&quot;listing_type&quot;:&quot;metro&quot;,&quot;show_title&quot;:&quot;yes&quot;,&quot;show_details&quot;:&quot;&quot;,&quot;show_categories&quot;:&quot;yes&quot;,&quot;show_read_more&quot;:&quot;yes&quot;,&quot;read_more_text&quot;:&quot;\\u017di\\u016br\\u0117ti projek\\u0105&quot;,&quot;show_pagination&quot;:&quot;&quot;}'>\n                                <div class=\"archive-listing-wrapper portfolio-listing-wrapper portfolio-metro-listing columns-2\">\n                    \n<div class=\"portfolio-item-wrapper with-media-overlay with-title-icon post-1361 agencium_portfolio type-agencium_portfolio status-publish has-post-thumbnail hentry agencium_portfolio_category-reprezentacine-svetaine\">\n    <div class=\"portfolio-item\">\n            <div class=\"portfolio-item-media\"><a href=\"https:\/\/oranus.lt\/en\/portfolio\/faktai-apie-silale\/\" class=\"portfolio-item-media-link\"><div class=\"post-media\"><picture><source media=\"(max-width: 480px)\" sizes=\"(max-width: 480px) 480px\" srcset=\"https:\/\/oranus.lt\/wp-content\/uploads\/2023\/07\/Be-pavadinimo-1920-x-1400-piks-480x480.png 480w\"><source media=\"(max-width: 660px)\" sizes=\"(max-width: 660px) 660px\" srcset=\"https:\/\/oranus.lt\/wp-content\/uploads\/2023\/07\/Be-pavadinimo-1920-x-1400-piks-480x480.png 660w\"><source media=\"(max-width: 840px)\" sizes=\"(max-width: 840px) 840px\" srcset=\"https:\/\/oranus.lt\/wp-content\/uploads\/2023\/07\/Be-pavadinimo-1920-x-1400-piks-480x480.png 840w\"><source media=\"(max-width: 1020px)\" sizes=\"(max-width: 1020px) 1020px\" srcset=\"https:\/\/oranus.lt\/wp-content\/uploads\/2023\/07\/Be-pavadinimo-1920-x-1400-piks-300x300.png 1020w\"><source media=\"(max-width: 1200px)\" sizes=\"(max-width: 1200px) 1200px\" srcset=\"https:\/\/oranus.lt\/wp-content\/uploads\/2023\/07\/Be-pavadinimo-1920-x-1400-piks-300x300.png 1200w\"><img decoding=\"async\" alt=\"Be pavadinimo (1920 x 1400 piks.)\" title=\"Be pavadinimo (1920 x 1400 piks.)\" src=\"https:\/\/oranus.lt\/wp-content\/uploads\/2023\/07\/Be-pavadinimo-1920-x-1400-piks-1024x1024.png\" class=\"attachment-large size-large wp-post-image\" \/><\/picture><\/div><\/a><\/div><div class=\"portfolio-item-content\"><div class=\"post-categories\"><a class=\"post-category-item\" href=\"https:\/\/oranus.lt\/en\/portfolio-categories\/reprezentacine-svetaine\/\">Reprezentacin\u0117 svetain\u0117<\/a><\/div><h5 class=\"post-title\"><a href=\"https:\/\/oranus.lt\/en\/portfolio\/faktai-apie-silale\/\"><span class=\"portfolio-post-name-wrapper\"><span class=\"portfolio-post-name\" data-name=\"Faktai apie \u0160ilal\u0119\">Faktai apie \u0160ilal\u0119<\/span><\/span><\/a><\/h5><div class=\"post-more-button\"><a href=\"https:\/\/oranus.lt\/en\/portfolio\/faktai-apie-silale\/\" class=\"agencium-alter-button\">\u017di\u016br\u0117ti projek\u0105<svg viewBox=\"0 0 13 20\"><polyline points=\"0.5 19.5 3 19.5 12.5 10 3 0.5\"><\/polyline><\/svg><\/a><\/div><\/div>    <\/div>\n<\/div>\n<div class=\"portfolio-item-wrapper with-media-overlay with-title-icon post-1358 agencium_portfolio type-agencium_portfolio status-publish has-post-thumbnail hentry agencium_portfolio_category-el-komercijos-svetaine\">\n    <div class=\"portfolio-item\">\n            <div class=\"portfolio-item-media\"><a href=\"https:\/\/oranus.lt\/en\/portfolio\/noo-ma\/\" class=\"portfolio-item-media-link\"><div class=\"post-media\"><picture><source media=\"(max-width: 480px)\" sizes=\"(max-width: 480px) 480px\" srcset=\"https:\/\/oranus.lt\/wp-content\/uploads\/2023\/07\/\u201eBe-pavadinimo-1920-x-1400-piks.-kopija-2-480x480.png 480w\"><source media=\"(max-width: 660px)\" sizes=\"(max-width: 660px) 660px\" srcset=\"https:\/\/oranus.lt\/wp-content\/uploads\/2023\/07\/\u201eBe-pavadinimo-1920-x-1400-piks.-kopija-2-480x480.png 660w\"><source media=\"(max-width: 840px)\" sizes=\"(max-width: 840px) 840px\" srcset=\"https:\/\/oranus.lt\/wp-content\/uploads\/2023\/07\/\u201eBe-pavadinimo-1920-x-1400-piks.-kopija-2-480x480.png 840w\"><source media=\"(max-width: 1020px)\" sizes=\"(max-width: 1020px) 1020px\" srcset=\"https:\/\/oranus.lt\/wp-content\/uploads\/2023\/07\/\u201eBe-pavadinimo-1920-x-1400-piks.-kopija-2-300x300.png 1020w\"><source media=\"(max-width: 1200px)\" sizes=\"(max-width: 1200px) 1200px\" srcset=\"https:\/\/oranus.lt\/wp-content\/uploads\/2023\/07\/\u201eBe-pavadinimo-1920-x-1400-piks.-kopija-2-300x300.png 1200w\"><img decoding=\"async\" alt=\"\u201eBe pavadinimo (1920 x 1400 piks.)\u201c kopija (2)\" title=\"\u201eBe pavadinimo (1920 x 1400 piks.)\u201c kopija (2)\" src=\"https:\/\/oranus.lt\/wp-content\/uploads\/2023\/07\/\u201eBe-pavadinimo-1920-x-1400-piks.-kopija-2-1024x1024.png\" class=\"attachment-large size-large wp-post-image\" \/><\/picture><\/div><\/a><\/div><div class=\"portfolio-item-content\"><div class=\"post-categories\"><a class=\"post-category-item\" href=\"https:\/\/oranus.lt\/en\/portfolio-categories\/el-komercijos-svetaine\/\">El. Komercijos svetain\u0117<\/a><\/div><h5 class=\"post-title\"><a href=\"https:\/\/oranus.lt\/en\/portfolio\/noo-ma\/\"><span class=\"portfolio-post-name-wrapper\"><span class=\"portfolio-post-name\" data-name=\"Noo.ma\">Noo.ma<\/span><\/span><\/a><\/h5><div class=\"post-more-button\"><a href=\"https:\/\/oranus.lt\/en\/portfolio\/noo-ma\/\" class=\"agencium-alter-button\">\u017di\u016br\u0117ti projek\u0105<svg viewBox=\"0 0 13 20\"><polyline points=\"0.5 19.5 3 19.5 12.5 10 3 0.5\"><\/polyline><\/svg><\/a><\/div><\/div>    <\/div>\n<\/div>\n<div class=\"portfolio-item-wrapper with-media-overlay with-title-icon post-1352 agencium_portfolio type-agencium_portfolio status-publish has-post-thumbnail hentry agencium_portfolio_category-reprezentacine-svetaine\">\n    <div class=\"portfolio-item\">\n            <div class=\"portfolio-item-media\"><a href=\"https:\/\/oranus.lt\/en\/portfolio\/loritask\/\" class=\"portfolio-item-media-link\"><div class=\"post-media\"><picture><source media=\"(max-width: 480px)\" sizes=\"(max-width: 480px) 480px\" srcset=\"https:\/\/oranus.lt\/wp-content\/uploads\/2023\/07\/\u201eBe-pavadinimo-1920-x-1400-piks.-kopija-480x480.png 480w\"><source media=\"(max-width: 660px)\" sizes=\"(max-width: 660px) 660px\" srcset=\"https:\/\/oranus.lt\/wp-content\/uploads\/2023\/07\/\u201eBe-pavadinimo-1920-x-1400-piks.-kopija-480x480.png 660w\"><source media=\"(max-width: 840px)\" sizes=\"(max-width: 840px) 840px\" srcset=\"https:\/\/oranus.lt\/wp-content\/uploads\/2023\/07\/\u201eBe-pavadinimo-1920-x-1400-piks.-kopija-480x480.png 840w\"><source media=\"(max-width: 1020px)\" sizes=\"(max-width: 1020px) 1020px\" srcset=\"https:\/\/oranus.lt\/wp-content\/uploads\/2023\/07\/\u201eBe-pavadinimo-1920-x-1400-piks.-kopija-300x300.png 1020w\"><source media=\"(max-width: 1200px)\" sizes=\"(max-width: 1200px) 1200px\" srcset=\"https:\/\/oranus.lt\/wp-content\/uploads\/2023\/07\/\u201eBe-pavadinimo-1920-x-1400-piks.-kopija-300x300.png 1200w\"><img decoding=\"async\" alt=\"\u201eBe pavadinimo (1920 x 1400 piks.)\u201c kopija\" title=\"\u201eBe pavadinimo (1920 x 1400 piks.)\u201c kopija\" src=\"https:\/\/oranus.lt\/wp-content\/uploads\/2023\/07\/\u201eBe-pavadinimo-1920-x-1400-piks.-kopija-1024x1024.png\" class=\"attachment-large size-large wp-post-image\" \/><\/picture><\/div><\/a><\/div><div class=\"portfolio-item-content\"><div class=\"post-categories\"><a class=\"post-category-item\" href=\"https:\/\/oranus.lt\/en\/portfolio-categories\/reprezentacine-svetaine\/\">Reprezentacin\u0117 svetain\u0117<\/a><\/div><h5 class=\"post-title\"><a href=\"https:\/\/oranus.lt\/en\/portfolio\/loritask\/\"><span class=\"portfolio-post-name-wrapper\"><span class=\"portfolio-post-name\" data-name=\"Loritask\">Loritask<\/span><\/span><\/a><\/h5><div class=\"post-more-button\"><a href=\"https:\/\/oranus.lt\/en\/portfolio\/loritask\/\" class=\"agencium-alter-button\">\u017di\u016br\u0117ti projek\u0105<svg viewBox=\"0 0 13 20\"><polyline points=\"0.5 19.5 3 19.5 12.5 10 3 0.5\"><\/polyline><\/svg><\/a><\/div><\/div>    <\/div>\n<\/div>\n<div class=\"portfolio-item-wrapper with-media-overlay with-title-icon post-1341 agencium_portfolio type-agencium_portfolio status-publish has-post-thumbnail hentry agencium_portfolio_category-reprezentacine-svetaine\">\n    <div class=\"portfolio-item\">\n            <div class=\"portfolio-item-media\"><a href=\"https:\/\/oranus.lt\/en\/portfolio\/aurum-recycling\/\" class=\"portfolio-item-media-link\"><div class=\"post-media\"><picture><source media=\"(max-width: 480px)\" sizes=\"(max-width: 480px) 480px\" srcset=\"https:\/\/oranus.lt\/wp-content\/uploads\/2023\/07\/Be-pavadinimo-1920-x-1400-piks.-2-480x480.png 480w\"><source media=\"(max-width: 660px)\" sizes=\"(max-width: 660px) 660px\" srcset=\"https:\/\/oranus.lt\/wp-content\/uploads\/2023\/07\/Be-pavadinimo-1920-x-1400-piks.-2-480x480.png 660w\"><source media=\"(max-width: 840px)\" sizes=\"(max-width: 840px) 840px\" srcset=\"https:\/\/oranus.lt\/wp-content\/uploads\/2023\/07\/Be-pavadinimo-1920-x-1400-piks.-2-480x480.png 840w\"><source media=\"(max-width: 1020px)\" sizes=\"(max-width: 1020px) 1020px\" srcset=\"https:\/\/oranus.lt\/wp-content\/uploads\/2023\/07\/Be-pavadinimo-1920-x-1400-piks.-2-300x300.png 1020w\"><source media=\"(max-width: 1200px)\" sizes=\"(max-width: 1200px) 1200px\" srcset=\"https:\/\/oranus.lt\/wp-content\/uploads\/2023\/07\/Be-pavadinimo-1920-x-1400-piks.-2-300x300.png 1200w\"><img decoding=\"async\" alt=\"Be pavadinimo (1920 x 1400 piks.) (2)\" title=\"Be pavadinimo (1920 x 1400 piks.) (2)\" src=\"https:\/\/oranus.lt\/wp-content\/uploads\/2023\/07\/Be-pavadinimo-1920-x-1400-piks.-2-1024x1024.png\" class=\"attachment-large size-large wp-post-image\" \/><\/picture><\/div><\/a><\/div><div class=\"portfolio-item-content\"><div class=\"post-categories\"><a class=\"post-category-item\" href=\"https:\/\/oranus.lt\/en\/portfolio-categories\/reprezentacine-svetaine\/\">Reprezentacin\u0117 svetain\u0117<\/a><\/div><h5 class=\"post-title\"><a href=\"https:\/\/oranus.lt\/en\/portfolio\/aurum-recycling\/\"><span class=\"portfolio-post-name-wrapper\"><span class=\"portfolio-post-name\" data-name=\"Aurum recycling\">Aurum recycling<\/span><\/span><\/a><\/h5><div class=\"post-more-button\"><a href=\"https:\/\/oranus.lt\/en\/portfolio\/aurum-recycling\/\" class=\"agencium-alter-button\">\u017di\u016br\u0117ti projek\u0105<svg viewBox=\"0 0 13 20\"><polyline points=\"0.5 19.5 3 19.5 12.5 10 3 0.5\"><\/polyline><\/svg><\/a><\/div><\/div>    <\/div>\n<\/div>\n<div class=\"portfolio-item-wrapper with-media-overlay with-title-icon post-1336 agencium_portfolio type-agencium_portfolio status-publish has-post-thumbnail hentry agencium_portfolio_category-reprezentacine-svetaine\">\n    <div class=\"portfolio-item\">\n            <div class=\"portfolio-item-media\"><a href=\"https:\/\/oranus.lt\/en\/portfolio\/gamma-trading\/\" class=\"portfolio-item-media-link\"><div class=\"post-media\"><picture><source media=\"(max-width: 480px)\" sizes=\"(max-width: 480px) 480px\" srcset=\"https:\/\/oranus.lt\/wp-content\/uploads\/2023\/07\/\u201eBe-pavadinimo-1920-x-1400-piks.-kopija-3-480x480.png 480w\"><source media=\"(max-width: 660px)\" sizes=\"(max-width: 660px) 660px\" srcset=\"https:\/\/oranus.lt\/wp-content\/uploads\/2023\/07\/\u201eBe-pavadinimo-1920-x-1400-piks.-kopija-3-480x480.png 660w\"><source media=\"(max-width: 840px)\" sizes=\"(max-width: 840px) 840px\" srcset=\"https:\/\/oranus.lt\/wp-content\/uploads\/2023\/07\/\u201eBe-pavadinimo-1920-x-1400-piks.-kopija-3-480x480.png 840w\"><source media=\"(max-width: 1020px)\" sizes=\"(max-width: 1020px) 1020px\" srcset=\"https:\/\/oranus.lt\/wp-content\/uploads\/2023\/07\/\u201eBe-pavadinimo-1920-x-1400-piks.-kopija-3-300x300.png 1020w\"><source media=\"(max-width: 1200px)\" sizes=\"(max-width: 1200px) 1200px\" srcset=\"https:\/\/oranus.lt\/wp-content\/uploads\/2023\/07\/\u201eBe-pavadinimo-1920-x-1400-piks.-kopija-3-300x300.png 1200w\"><img decoding=\"async\" alt=\"\u201eBe pavadinimo (1920 x 1400 piks.)\u201c kopija (3)\" title=\"\u201eBe pavadinimo (1920 x 1400 piks.)\u201c kopija (3)\" src=\"https:\/\/oranus.lt\/wp-content\/uploads\/2023\/07\/\u201eBe-pavadinimo-1920-x-1400-piks.-kopija-3-1024x1024.png\" class=\"attachment-large size-large wp-post-image\" \/><\/picture><\/div><\/a><\/div><div class=\"portfolio-item-content\"><div class=\"post-categories\"><a class=\"post-category-item\" href=\"https:\/\/oranus.lt\/en\/portfolio-categories\/reprezentacine-svetaine\/\">Reprezentacin\u0117 svetain\u0117<\/a><\/div><h5 class=\"post-title\"><a href=\"https:\/\/oranus.lt\/en\/portfolio\/gamma-trading\/\"><span class=\"portfolio-post-name-wrapper\"><span class=\"portfolio-post-name\" data-name=\"Gamma trading\">Gamma trading<\/span><\/span><\/a><\/h5><div class=\"post-more-button\"><a href=\"https:\/\/oranus.lt\/en\/portfolio\/gamma-trading\/\" class=\"agencium-alter-button\">\u017di\u016br\u0117ti projek\u0105<svg viewBox=\"0 0 13 20\"><polyline points=\"0.5 19.5 3 19.5 12.5 10 3 0.5\"><\/polyline><\/svg><\/a><\/div><\/div>    <\/div>\n<\/div>\n<div class=\"portfolio-item-wrapper with-media-overlay with-title-icon post-1332 agencium_portfolio type-agencium_portfolio status-publish has-post-thumbnail hentry agencium_portfolio_category-reprezentacine-svetaine\">\n    <div class=\"portfolio-item\">\n            <div class=\"portfolio-item-media\"><a href=\"https:\/\/oranus.lt\/en\/portfolio\/diomet\/\" class=\"portfolio-item-media-link\"><div class=\"post-media\"><picture><source media=\"(max-width: 480px)\" sizes=\"(max-width: 480px) 480px\" srcset=\"https:\/\/oranus.lt\/wp-content\/uploads\/2023\/07\/Be-pavadinimo-1920-x-1400-piks.-1-480x480.png 480w\"><source media=\"(max-width: 660px)\" sizes=\"(max-width: 660px) 660px\" srcset=\"https:\/\/oranus.lt\/wp-content\/uploads\/2023\/07\/Be-pavadinimo-1920-x-1400-piks.-1-480x480.png 660w\"><source media=\"(max-width: 840px)\" sizes=\"(max-width: 840px) 840px\" srcset=\"https:\/\/oranus.lt\/wp-content\/uploads\/2023\/07\/Be-pavadinimo-1920-x-1400-piks.-1-480x480.png 840w\"><source media=\"(max-width: 1020px)\" sizes=\"(max-width: 1020px) 1020px\" srcset=\"https:\/\/oranus.lt\/wp-content\/uploads\/2023\/07\/Be-pavadinimo-1920-x-1400-piks.-1-300x300.png 1020w\"><source media=\"(max-width: 1200px)\" sizes=\"(max-width: 1200px) 1200px\" srcset=\"https:\/\/oranus.lt\/wp-content\/uploads\/2023\/07\/Be-pavadinimo-1920-x-1400-piks.-1-300x300.png 1200w\"><img decoding=\"async\" alt=\"Be pavadinimo (1920 x 1400 piks.) (1)\" title=\"Be pavadinimo (1920 x 1400 piks.) (1)\" src=\"https:\/\/oranus.lt\/wp-content\/uploads\/2023\/07\/Be-pavadinimo-1920-x-1400-piks.-1-1024x1024.png\" class=\"attachment-large size-large wp-post-image\" \/><\/picture><\/div><\/a><\/div><div class=\"portfolio-item-content\"><div class=\"post-categories\"><a class=\"post-category-item\" href=\"https:\/\/oranus.lt\/en\/portfolio-categories\/reprezentacine-svetaine\/\">Reprezentacin\u0117 svetain\u0117<\/a><\/div><h5 class=\"post-title\"><a href=\"https:\/\/oranus.lt\/en\/portfolio\/diomet\/\"><span class=\"portfolio-post-name-wrapper\"><span class=\"portfolio-post-name\" data-name=\"Diomet\">Diomet<\/span><\/span><\/a><\/h5><div class=\"post-more-button\"><a href=\"https:\/\/oranus.lt\/en\/portfolio\/diomet\/\" class=\"agencium-alter-button\">\u017di\u016br\u0117ti projek\u0105<svg viewBox=\"0 0 13 20\"><polyline points=\"0.5 19.5 3 19.5 12.5 10 3 0.5\"><\/polyline><\/svg><\/a><\/div><\/div>    <\/div>\n<\/div>\n<div class=\"portfolio-item-wrapper with-media-overlay with-title-icon post-1104 agencium_portfolio type-agencium_portfolio status-publish has-post-thumbnail hentry agencium_portfolio_category-reprezentacine-svetaine\">\n    <div class=\"portfolio-item\">\n            <div class=\"portfolio-item-media\"><a href=\"https:\/\/oranus.lt\/en\/portfolio\/bbg-minerals\/\" class=\"portfolio-item-media-link\"><div class=\"post-media\"><picture><source media=\"(max-width: 480px)\" sizes=\"(max-width: 480px) 480px\" srcset=\"https:\/\/oranus.lt\/wp-content\/uploads\/2023\/06\/\u201eBe-pavadinimo-1920-x-1400-piks.-kopija-1-480x480.png 480w\"><source media=\"(max-width: 660px)\" sizes=\"(max-width: 660px) 660px\" srcset=\"https:\/\/oranus.lt\/wp-content\/uploads\/2023\/06\/\u201eBe-pavadinimo-1920-x-1400-piks.-kopija-1-480x480.png 660w\"><source media=\"(max-width: 840px)\" sizes=\"(max-width: 840px) 840px\" srcset=\"https:\/\/oranus.lt\/wp-content\/uploads\/2023\/06\/\u201eBe-pavadinimo-1920-x-1400-piks.-kopija-1-480x480.png 840w\"><source media=\"(max-width: 1020px)\" sizes=\"(max-width: 1020px) 1020px\" srcset=\"https:\/\/oranus.lt\/wp-content\/uploads\/2023\/06\/\u201eBe-pavadinimo-1920-x-1400-piks.-kopija-1-300x300.png 1020w\"><source media=\"(max-width: 1200px)\" sizes=\"(max-width: 1200px) 1200px\" srcset=\"https:\/\/oranus.lt\/wp-content\/uploads\/2023\/06\/\u201eBe-pavadinimo-1920-x-1400-piks.-kopija-1-300x300.png 1200w\"><img decoding=\"async\" alt=\"\u201eBe pavadinimo (1920 x 1400 piks.)\u201c kopija (1)\" title=\"\u201eBe pavadinimo (1920 x 1400 piks.)\u201c kopija (1)\" src=\"https:\/\/oranus.lt\/wp-content\/uploads\/2023\/06\/\u201eBe-pavadinimo-1920-x-1400-piks.-kopija-1-1024x1024.png\" class=\"attachment-large size-large wp-post-image\" \/><\/picture><\/div><\/a><\/div><div class=\"portfolio-item-content\"><div class=\"post-categories\"><a class=\"post-category-item\" href=\"https:\/\/oranus.lt\/en\/portfolio-categories\/reprezentacine-svetaine\/\">Reprezentacin\u0117 svetain\u0117<\/a><\/div><h5 class=\"post-title\"><a href=\"https:\/\/oranus.lt\/en\/portfolio\/bbg-minerals\/\"><span class=\"portfolio-post-name-wrapper\"><span class=\"portfolio-post-name\" data-name=\"BBG minerals\">BBG minerals<\/span><\/span><\/a><\/h5><div class=\"post-more-button\"><a href=\"https:\/\/oranus.lt\/en\/portfolio\/bbg-minerals\/\" class=\"agencium-alter-button\">\u017di\u016br\u0117ti projek\u0105<svg viewBox=\"0 0 13 20\"><polyline points=\"0.5 19.5 3 19.5 12.5 10 3 0.5\"><\/polyline><\/svg><\/a><\/div><\/div>    <\/div>\n<\/div>                <\/div>\n\n                            <\/div>\n\n        <\/div>\n        \t\t<\/div>\n\t\t\t\t<\/div>\n\t\t\t\t\t<\/div>\n\t\t<\/div>\n\t\t\t\t\t<\/div>\n\t\t<\/section>\n\t\t\t\t<\/div>\n\t\t","protected":false},"excerpt":{"rendered":"","protected":false},"author":1,"featured_media":0,"parent":0,"menu_order":0,"comment_status":"closed","ping_status":"closed","template":"","meta":{"footnotes":""},"_links":{"self":[{"href":"https:\/\/oranus.lt\/en\/wp-json\/wp\/v2\/pages\/52"}],"collection":[{"href":"https:\/\/oranus.lt\/en\/wp-json\/wp\/v2\/pages"}],"about":[{"href":"https:\/\/oranus.lt\/en\/wp-json\/wp\/v2\/types\/page"}],"author":[{"embeddable":true,"href":"https:\/\/oranus.lt\/en\/wp-json\/wp\/v2\/users\/1"}],"replies":[{"embeddable":true,"href":"https:\/\/oranus.lt\/en\/wp-json\/wp\/v2\/comments?post=52"}],"version-history":[{"count":28,"href":"https:\/\/oranus.lt\/en\/wp-json\/wp\/v2\/pages\/52\/revisions"}],"predecessor-version":[{"id":7222,"href":"https:\/\/oranus.lt\/en\/wp-json\/wp\/v2\/pages\/52\/revisions\/7222"}],"wp:attachment":[{"href":"https:\/\/oranus.lt\/en\/wp-json\/wp\/v2\/media?parent=52"}],"curies":[{"name":"wp","href":"https:\/\/api.w.org\/{rel}","templated":true}]}}